
{"id":6325,"date":"2019-07-12T06:47:11","date_gmt":"2019-07-12T06:47:11","guid":{"rendered":"https:\/\/proaktor.org\/o-nama\/"},"modified":"2022-07-11T08:12:46","modified_gmt":"2022-07-11T08:12:46","slug":"rreth-nesh","status":"publish","type":"page","link":"https:\/\/proaktor.org\/sq\/rreth-nesh\/","title":{"rendered":"Rreth nesh"},"content":{"rendered":"\t\t<div data-elementor-type=\"wp-post\" data-elementor-id=\"6325\" class=\"elementor elementor-6325 elementor-60\" data-elementor-post-type=\"page\">\n\t\t\t\t\t\t<section class=\"elementor-section elementor-top-section elementor-element elementor-element-95954fb elementor-section-boxed elementor-section-height-default elementor-section-height-default\" data-id=\"95954fb\" data-element_type=\"section\">\n\t\t\t\t\t\t<div class=\"elementor-container elementor-column-gap-default\">\n\t\t\t\t\t<div class=\"elementor-column elementor-col-50 elementor-top-column elementor-element elementor-element-0301849\" data-id=\"0301849\" data-element_type=\"column\">\n\t\t\t<div class=\"elementor-widget-wrap elementor-element-populated\">\n\t\t\t\t\t\t<div class=\"elementor-element elementor-element-3ae9fe4 elementor-widget elementor-widget-heading\" data-id=\"3ae9fe4\" data-element_type=\"widget\" data-widget_type=\"heading.default\">\n\t\t\t\t<div class=\"elementor-widget-container\">\n\t\t\t<h2 class=\"elementor-heading-title elementor-size-default\">Proaktor \u00ebsht\u00eb nj\u00eb platform\u00eb e e-m\u00ebsimit p\u00ebr sektorin jofitimprur\u00ebs n\u00eb Ballkanin Per\u00ebndimor e udh\u00ebhequr nga Catalyst Balkans. <\/h2>\t\t<\/div>\n\t\t\t\t<\/div>\n\t\t\t\t<div class=\"elementor-element elementor-element-c17123f elementor-widget elementor-widget-text-editor\" data-id=\"c17123f\" data-element_type=\"widget\" data-widget_type=\"text-editor.default\">\n\t\t\t\t<div class=\"elementor-widget-container\">\n\t\t\t\t\t\t\t<p>Ne besojm\u00eb se sektori jofitimprur\u00ebs \u00ebsht\u00eb lideri i ndryshimeve shoq\u00ebrore n\u00eb Ballkanin Per\u00ebndimor. Por n\u00eb k\u00ebto koh\u00eb t\u00eb transformimit digjital, nevoj\u00ebs s\u00eb shtuar p\u00ebr angazhim t\u00eb komunitetit dhe politikave komplekse t\u00eb donator\u00ebve, ne identifikuam nevoj\u00ebn p\u00ebr nj\u00eb vend ku organizatat mund t\u00eb fitojn\u00eb njohuri t\u00eb zbatueshme p\u00ebr p\u00ebrmir\u00ebsimin e shoq\u00ebris\u00eb n\u00eb shekullin e 21-t\u00eb.\u00a0<\/p><p>Ne organizojm\u00eb kurse online p\u00ebr profesionist\u00ebt jofitimprur\u00ebs dhe komunitetet dhe p\u00ebrfituesit e tyre. K\u00ebtu fillon ndryshimi shoq\u00ebror.<\/p><p>Proaktor \u00ebsht\u00eb pjes\u00eb e Catalyst Balkans, nj\u00eb fondacion rajonal i dedikuar p\u00ebr t\u00eb dh\u00ebnat e filantropis\u00eb, burimet dhe teknologjin\u00eb jofitimprur\u00ebse.<\/p>\t\t\t\t\t\t<\/div>\n\t\t\t\t<\/div>\n\t\t\t\t\t<\/div>\n\t\t<\/div>\n\t\t\t\t<div class=\"elementor-column elementor-col-50 elementor-top-column elementor-element elementor-element-48b97ce\" data-id=\"48b97ce\" data-element_type=\"column\">\n\t\t\t<div class=\"elementor-widget-wrap elementor-element-populated\">\n\t\t\t\t\t\t<div class=\"elementor-element elementor-element-88e5773 elementor-widget elementor-widget-image\" data-id=\"88e5773\" data-element_type=\"widget\" data-widget_type=\"image.default\">\n\t\t\t\t<div class=\"elementor-widget-container\">\n\t\t\t\t\t\t\t\t\t\t\t\t\t<img fetchpriority=\"high\" decoding=\"async\" width=\"1001\" height=\"601\" src=\"https:\/\/proaktor.org\/wp-content\/uploads\/2022\/05\/proaktor-about-me-1.png\" class=\"attachment-large size-large wp-image-6082\" alt=\"\" srcset=\"https:\/\/proaktor.org\/wp-content\/uploads\/2022\/05\/proaktor-about-me-1.png 1001w, https:\/\/proaktor.org\/wp-content\/uploads\/2022\/05\/proaktor-about-me-1-300x180.png 300w, https:\/\/proaktor.org\/wp-content\/uploads\/2022\/05\/proaktor-about-me-1-768x461.png 768w, https:\/\/proaktor.org\/wp-content\/uploads\/2022\/05\/proaktor-about-me-1-800x480.png 800w, https:\/\/proaktor.org\/wp-content\/uploads\/2022\/05\/proaktor-about-me-1-500x300.png 500w\" sizes=\"(max-width: 1001px) 100vw, 1001px\" \/>\t\t\t\t\t\t\t\t\t\t\t\t\t<\/div>\n\t\t\t\t<\/div>\n\t\t\t\t\t<\/div>\n\t\t<\/div>\n\t\t\t\t\t<\/div>\n\t\t<\/section>\n\t\t\t\t<section class=\"elementor-section elementor-top-section elementor-element elementor-element-fcb5842 elementor-section-stretched elementor-section-boxed elementor-section-height-default elementor-section-height-default\" data-id=\"fcb5842\" data-element_type=\"section\" data-settings=\"{&quot;stretch_section&quot;:&quot;section-stretched&quot;,&quot;background_background&quot;:&quot;classic&quot;}\">\n\t\t\t\t\t\t<div class=\"elementor-container elementor-column-gap-default\">\n\t\t\t\t\t<div class=\"elementor-column elementor-col-100 elementor-top-column elementor-element elementor-element-4556b10\" data-id=\"4556b10\" data-element_type=\"column\">\n\t\t\t<div class=\"elementor-widget-wrap elementor-element-populated\">\n\t\t\t\t\t\t<div class=\"elementor-element elementor-element-9ea8104 elementor-widget elementor-widget-heading\" data-id=\"9ea8104\" data-element_type=\"widget\" data-widget_type=\"heading.default\">\n\t\t\t\t<div class=\"elementor-widget-container\">\n\t\t\t<h2 class=\"elementor-heading-title elementor-size-default\">Catalyst Balkans<\/h2>\t\t<\/div>\n\t\t\t\t<\/div>\n\t\t\t\t<div class=\"elementor-element elementor-element-353eedd elementor-widget elementor-widget-text-editor\" data-id=\"353eedd\" data-element_type=\"widget\" data-widget_type=\"text-editor.default\">\n\t\t\t\t<div class=\"elementor-widget-container\">\n\t\t\t\t\t\t\tT\u00eb dh\u00ebna p\u00ebr filantropin\u00eb, burime dhe teknologji. Procesi yn\u00eb :\t\t\t\t\t\t<\/div>\n\t\t\t\t<\/div>\n\t\t\t\t<section class=\"elementor-section elementor-inner-section elementor-element elementor-element-9c1a386 elementor-section-boxed elementor-section-height-default elementor-section-height-default\" data-id=\"9c1a386\" data-element_type=\"section\">\n\t\t\t\t\t\t<div class=\"elementor-container elementor-column-gap-default\">\n\t\t\t\t\t<div class=\"elementor-column elementor-col-20 elementor-inner-column elementor-element elementor-element-ee83368\" data-id=\"ee83368\" data-element_type=\"column\" data-settings=\"{&quot;background_background&quot;:&quot;classic&quot;}\">\n\t\t\t<div class=\"elementor-widget-wrap elementor-element-populated\">\n\t\t\t\t\t\t<div class=\"elementor-element elementor-element-e530532 elementor-view-default elementor-position-top elementor-mobile-position-top elementor-widget elementor-widget-icon-box\" data-id=\"e530532\" data-element_type=\"widget\" data-widget_type=\"icon-box.default\">\n\t\t\t\t<div class=\"elementor-widget-container\">\n\t\t\t\t\t<div class=\"elementor-icon-box-wrapper\">\n\t\t\t\t\t\t<div class=\"elementor-icon-box-icon\">\n\t\t\t\t<span  class=\"elementor-icon elementor-animation-\">\n\t\t\t\t<i aria-hidden=\"true\" class=\"fas fa-user-shield\"><\/i>\t\t\t\t<\/span>\n\t\t\t<\/div>\n\t\t\t\t\t\t<div class=\"elementor-icon-box-content\">\n\t\t\t\t<h3 class=\"elementor-icon-box-title\">\n\t\t\t\t\t<span  >\n\t\t\t\t\t\tQend\u00ebr m\u00ebsimore\t\t\t\t\t<\/span>\n\t\t\t\t<\/h3>\n\t\t\t\t\t\t\t\t\t<p class=\"elementor-icon-box-description\">\n\t\t\t\t\t\tm\u00ebsoni gjith\u00e7ka rreth nd\u00ebrtimit t\u00eb komunitetit dhe mbledhjes s\u00eb fondeve\t\t\t\t\t<\/p>\n\t\t\t\t\t\t\t<\/div>\n\t\t<\/div>\n\t\t\t\t<\/div>\n\t\t\t\t<\/div>\n\t\t\t\t<div class=\"elementor-element elementor-element-9d53292 elementor-widget elementor-widget-text-editor\" data-id=\"9d53292\" data-element_type=\"widget\" data-widget_type=\"text-editor.default\">\n\t\t\t\t<div class=\"elementor-widget-container\">\n\t\t\t\t\t\t\t<p><a href=\"https:\/\/proaktor.org\">proaktor.org<\/a><\/p>\t\t\t\t\t\t<\/div>\n\t\t\t\t<\/div>\n\t\t\t\t\t<\/div>\n\t\t<\/div>\n\t\t\t\t<div class=\"elementor-column elementor-col-20 elementor-inner-column elementor-element elementor-element-86b18bf\" data-id=\"86b18bf\" data-element_type=\"column\" data-settings=\"{&quot;background_background&quot;:&quot;classic&quot;}\">\n\t\t\t<div class=\"elementor-widget-wrap elementor-element-populated\">\n\t\t\t\t\t\t<div class=\"elementor-element elementor-element-75da5ad elementor-view-default elementor-position-top elementor-mobile-position-top elementor-widget elementor-widget-icon-box\" data-id=\"75da5ad\" data-element_type=\"widget\" data-widget_type=\"icon-box.default\">\n\t\t\t\t<div class=\"elementor-widget-container\">\n\t\t\t\t\t<div class=\"elementor-icon-box-wrapper\">\n\t\t\t\t\t\t<div class=\"elementor-icon-box-icon\">\n\t\t\t\t<span  class=\"elementor-icon elementor-animation-\">\n\t\t\t\t<i aria-hidden=\"true\" class=\"far fa-id-badge\"><\/i>\t\t\t\t<\/span>\n\t\t\t<\/div>\n\t\t\t\t\t\t<div class=\"elementor-icon-box-content\">\n\t\t\t\t<h3 class=\"elementor-icon-box-title\">\n\t\t\t\t\t<span  >\n\t\t\t\t\t\tQendra e t\u00eb dh\u00ebnave\t\t\t\t\t<\/span>\n\t\t\t\t<\/h3>\n\t\t\t\t\t\t\t\t\t<p class=\"elementor-icon-box-description\">\n\t\t\t\t\t\tgjeni vendndodhjen tuaj n\u00eb ekosistemin filantropik\t\t\t\t\t<\/p>\n\t\t\t\t\t\t\t<\/div>\n\t\t<\/div>\n\t\t\t\t<\/div>\n\t\t\t\t<\/div>\n\t\t\t\t<div class=\"elementor-element elementor-element-2e5439b elementor-widget elementor-widget-text-editor\" data-id=\"2e5439b\" data-element_type=\"widget\" data-widget_type=\"text-editor.default\">\n\t\t\t\t<div class=\"elementor-widget-container\">\n\t\t\t\t\t\t\t<p><a href=\"_wp_link_placeholder\" data-wplink-edit=\"true\">givingbalkans.org<\/a><\/p>\t\t\t\t\t\t<\/div>\n\t\t\t\t<\/div>\n\t\t\t\t\t<\/div>\n\t\t<\/div>\n\t\t\t\t<div class=\"elementor-column elementor-col-20 elementor-inner-column elementor-element elementor-element-b516c7d\" data-id=\"b516c7d\" data-element_type=\"column\" data-settings=\"{&quot;background_background&quot;:&quot;classic&quot;}\">\n\t\t\t<div class=\"elementor-widget-wrap elementor-element-populated\">\n\t\t\t\t\t\t<div class=\"elementor-element elementor-element-5b34098 elementor-view-default elementor-position-top elementor-mobile-position-top elementor-widget elementor-widget-icon-box\" data-id=\"5b34098\" data-element_type=\"widget\" data-widget_type=\"icon-box.default\">\n\t\t\t\t<div class=\"elementor-widget-container\">\n\t\t\t\t\t<div class=\"elementor-icon-box-wrapper\">\n\t\t\t\t\t\t<div class=\"elementor-icon-box-icon\">\n\t\t\t\t<span  class=\"elementor-icon elementor-animation-\">\n\t\t\t\t<i aria-hidden=\"true\" class=\"far fa-user\"><\/i>\t\t\t\t<\/span>\n\t\t\t<\/div>\n\t\t\t\t\t\t<div class=\"elementor-icon-box-content\">\n\t\t\t\t<h3 class=\"elementor-icon-box-title\">\n\t\t\t\t\t<span  >\n\t\t\t\t\t\tQendra CRM\t\t\t\t\t<\/span>\n\t\t\t\t<\/h3>\n\t\t\t\t\t\t\t\t\t<p class=\"elementor-icon-box-description\">\n\t\t\t\t\t\tnd\u00ebrtoni nj\u00eb komunitet rreth kauz\u00ebs suaj\t\t\t\t\t<\/p>\n\t\t\t\t\t\t\t<\/div>\n\t\t<\/div>\n\t\t\t\t<\/div>\n\t\t\t\t<\/div>\n\t\t\t\t<div class=\"elementor-element elementor-element-1caadde elementor-widget elementor-widget-text-editor\" data-id=\"1caadde\" data-element_type=\"widget\" data-widget_type=\"text-editor.default\">\n\t\t\t\t<div class=\"elementor-widget-container\">\n\t\t\t\t\t\t\t<p><a href=\"http:\/\/civicatalyst.org\">civicatalyst.org<\/a><\/p>\t\t\t\t\t\t<\/div>\n\t\t\t\t<\/div>\n\t\t\t\t\t<\/div>\n\t\t<\/div>\n\t\t\t\t<div class=\"elementor-column elementor-col-20 elementor-inner-column elementor-element elementor-element-90f319a\" data-id=\"90f319a\" data-element_type=\"column\" data-settings=\"{&quot;background_background&quot;:&quot;classic&quot;}\">\n\t\t\t<div class=\"elementor-widget-wrap elementor-element-populated\">\n\t\t\t\t\t\t<div class=\"elementor-element elementor-element-0fe43b0 elementor-view-default elementor-position-top elementor-mobile-position-top elementor-widget elementor-widget-icon-box\" data-id=\"0fe43b0\" data-element_type=\"widget\" data-widget_type=\"icon-box.default\">\n\t\t\t\t<div class=\"elementor-widget-container\">\n\t\t\t\t\t<div class=\"elementor-icon-box-wrapper\">\n\t\t\t\t\t\t<div class=\"elementor-icon-box-icon\">\n\t\t\t\t<span  class=\"elementor-icon elementor-animation-\">\n\t\t\t\t<i aria-hidden=\"true\" class=\"far fa-id-badge\"><\/i>\t\t\t\t<\/span>\n\t\t\t<\/div>\n\t\t\t\t\t\t<div class=\"elementor-icon-box-content\">\n\t\t\t\t<h3 class=\"elementor-icon-box-title\">\n\t\t\t\t\t<span  >\n\t\t\t\t\t\tQendra p\u00ebr mbledhjen e fondeve\t\t\t\t\t<\/span>\n\t\t\t\t<\/h3>\n\t\t\t\t\t\t\t\t\t<p class=\"elementor-icon-box-description\">\n\t\t\t\t\t\tmblidhni fonde nga mb\u00ebshtet\u00ebsit tuaj\t\t\t\t\t<\/p>\n\t\t\t\t\t\t\t<\/div>\n\t\t<\/div>\n\t\t\t\t<\/div>\n\t\t\t\t<\/div>\n\t\t\t\t<div class=\"elementor-element elementor-element-21ec357 elementor-widget elementor-widget-text-editor\" data-id=\"21ec357\" data-element_type=\"widget\" data-widget_type=\"text-editor.default\">\n\t\t\t\t<div class=\"elementor-widget-container\">\n\t\t\t\t\t\t\t<p><a href=\"http:\/\/donacije.rs\">donacije.rs<\/a><\/p>\t\t\t\t\t\t<\/div>\n\t\t\t\t<\/div>\n\t\t\t\t\t<\/div>\n\t\t<\/div>\n\t\t\t\t<div class=\"elementor-column elementor-col-20 elementor-inner-column elementor-element elementor-element-91cee37\" data-id=\"91cee37\" data-element_type=\"column\" data-settings=\"{&quot;background_background&quot;:&quot;classic&quot;}\">\n\t\t\t<div class=\"elementor-widget-wrap elementor-element-populated\">\n\t\t\t\t\t\t<div class=\"elementor-element elementor-element-5f367dd elementor-view-default elementor-position-top elementor-mobile-position-top elementor-widget elementor-widget-icon-box\" data-id=\"5f367dd\" data-element_type=\"widget\" data-widget_type=\"icon-box.default\">\n\t\t\t\t<div class=\"elementor-widget-container\">\n\t\t\t\t\t<div class=\"elementor-icon-box-wrapper\">\n\t\t\t\t\t\t<div class=\"elementor-icon-box-icon\">\n\t\t\t\t<span  class=\"elementor-icon elementor-animation-\">\n\t\t\t\t<i aria-hidden=\"true\" class=\"fas fa-layer-group\"><\/i>\t\t\t\t<\/span>\n\t\t\t<\/div>\n\t\t\t\t\t\t<div class=\"elementor-icon-box-content\">\n\t\t\t\t<h3 class=\"elementor-icon-box-title\">\n\t\t\t\t\t<span  >\n\t\t\t\t\t\tQendra e transparenc\u00ebs\t\t\t\t\t<\/span>\n\t\t\t\t<\/h3>\n\t\t\t\t\t\t\t\t\t<p class=\"elementor-icon-box-description\">\n\t\t\t\t\t\tdemonstroni transparenc\u00ebn tuaj dhe fitoni besim\t\t\t\t\t<\/p>\n\t\t\t\t\t\t\t<\/div>\n\t\t<\/div>\n\t\t\t\t<\/div>\n\t\t\t\t<\/div>\n\t\t\t\t<div class=\"elementor-element elementor-element-44b50d1 elementor-widget elementor-widget-text-editor\" data-id=\"44b50d1\" data-element_type=\"widget\" data-widget_type=\"text-editor.default\">\n\t\t\t\t<div class=\"elementor-widget-container\">\n\t\t\t\t\t\t\t<p><a href=\"http:\/\/neprofitne.rs\">neprofitne.rs<\/a><\/p>\t\t\t\t\t\t<\/div>\n\t\t\t\t<\/div>\n\t\t\t\t\t<\/div>\n\t\t<\/div>\n\t\t\t\t\t<\/div>\n\t\t<\/section>\n\t\t\t\t\t<\/div>\n\t\t<\/div>\n\t\t\t\t\t<\/div>\n\t\t<\/section>\n\t\t\t\t<section class=\"elementor-section elementor-top-section elementor-element elementor-element-0268eff elementor-section-stretched elementor-section-boxed elementor-section-height-default elementor-section-height-default\" data-id=\"0268eff\" data-element_type=\"section\" data-settings=\"{&quot;stretch_section&quot;:&quot;section-stretched&quot;}\">\n\t\t\t\t\t\t<div class=\"elementor-container elementor-column-gap-default\">\n\t\t\t\t\t<div class=\"elementor-column elementor-col-100 elementor-top-column elementor-element elementor-element-3e60ccc\" data-id=\"3e60ccc\" data-element_type=\"column\">\n\t\t\t<div class=\"elementor-widget-wrap elementor-element-populated\">\n\t\t\t\t\t\t<section class=\"elementor-section elementor-inner-section elementor-element elementor-element-1298f44 elementor-section-boxed elementor-section-height-default elementor-section-height-default\" data-id=\"1298f44\" data-element_type=\"section\">\n\t\t\t\t\t\t<div class=\"elementor-container elementor-column-gap-default\">\n\t\t\t\t\t<div class=\"elementor-column elementor-col-50 elementor-inner-column elementor-element elementor-element-7465a52\" data-id=\"7465a52\" data-element_type=\"column\">\n\t\t\t<div class=\"elementor-widget-wrap elementor-element-populated\">\n\t\t\t\t\t\t<div class=\"elementor-element elementor-element-637a3d1 elementor-widget elementor-widget-image\" data-id=\"637a3d1\" data-element_type=\"widget\" data-settings=\"{&quot;motion_fx_motion_fx_scrolling&quot;:&quot;yes&quot;,&quot;motion_fx_translateY_effect&quot;:&quot;yes&quot;,&quot;motion_fx_translateY_speed&quot;:{&quot;unit&quot;:&quot;px&quot;,&quot;size&quot;:4,&quot;sizes&quot;:[]},&quot;motion_fx_translateY_affectedRange&quot;:{&quot;unit&quot;:&quot;%&quot;,&quot;size&quot;:&quot;&quot;,&quot;sizes&quot;:{&quot;start&quot;:0,&quot;end&quot;:100}},&quot;motion_fx_devices&quot;:[&quot;desktop&quot;,&quot;tablet&quot;,&quot;mobile&quot;]}\" data-widget_type=\"image.default\">\n\t\t\t\t<div class=\"elementor-widget-container\">\n\t\t\t\t\t\t\t\t\t\t\t\t\t<img decoding=\"async\" width=\"1001\" height=\"601\" src=\"https:\/\/proaktor.org\/wp-content\/uploads\/2022\/05\/proaktor-about-me-2.png\" class=\"attachment-large size-large wp-image-6086\" alt=\"\" srcset=\"https:\/\/proaktor.org\/wp-content\/uploads\/2022\/05\/proaktor-about-me-2.png 1001w, https:\/\/proaktor.org\/wp-content\/uploads\/2022\/05\/proaktor-about-me-2-300x180.png 300w, https:\/\/proaktor.org\/wp-content\/uploads\/2022\/05\/proaktor-about-me-2-768x461.png 768w, https:\/\/proaktor.org\/wp-content\/uploads\/2022\/05\/proaktor-about-me-2-800x480.png 800w, https:\/\/proaktor.org\/wp-content\/uploads\/2022\/05\/proaktor-about-me-2-500x300.png 500w\" sizes=\"(max-width: 1001px) 100vw, 1001px\" \/>\t\t\t\t\t\t\t\t\t\t\t\t\t<\/div>\n\t\t\t\t<\/div>\n\t\t\t\t\t<\/div>\n\t\t<\/div>\n\t\t\t\t<div class=\"elementor-column elementor-col-50 elementor-inner-column elementor-element elementor-element-2f5764d\" data-id=\"2f5764d\" data-element_type=\"column\">\n\t\t\t<div class=\"elementor-widget-wrap elementor-element-populated\">\n\t\t\t\t\t\t<div class=\"elementor-element elementor-element-ede356d elementor-widget elementor-widget-heading\" data-id=\"ede356d\" data-element_type=\"widget\" data-widget_type=\"heading.default\">\n\t\t\t\t<div class=\"elementor-widget-container\">\n\t\t\t<h3 class=\"elementor-heading-title elementor-size-default\">Cili \u00ebsht\u00eb ndryshimi midis t\u00eb m\u00ebsuarit me ritmin tuaj dhe t\u00eb p\u00ebrzier? <\/h3>\t\t<\/div>\n\t\t\t\t<\/div>\n\t\t\t\t<div class=\"elementor-element elementor-element-ee0adbc elementor-widget elementor-widget-text-editor\" data-id=\"ee0adbc\" data-element_type=\"widget\" data-widget_type=\"text-editor.default\">\n\t\t\t\t<div class=\"elementor-widget-container\">\n\t\t\t\t\t\t\t<p>Nuk ka data t\u00eb caktuara, uebinar\u00eb n\u00eb zona t\u00eb gabuara kohore. Kurset jan\u00eb t\u00eb bazuara n\u00eb video, dhe vet\u00eb videot jan\u00eb t\u00eb p\u00ebrmasave t\u00eb vogla dhe t\u00eb shikueshme n\u00eb \u00e7do platform\u00eb. Kjo i mund\u00ebson nx\u00ebn\u00ebsit t\u00eb angazhohet me kursin kurdo dhe kudo q\u00eb t\u00eb mundet. P\u00ebrve\u00e7 videove, kurset ofrojn\u00eb materiale vepruese, kuize dhe detyra q\u00eb sigurojn\u00eb se po nd\u00ebrveproni me kursin dhe po zbatoni at\u00eb q\u00eb keni m\u00ebsuar.<br \/>Por, shpesh, kjo nuk mjafton. Komoditeti i t\u00eb m\u00ebsuarit me rit\u00ebm t\u00eb pavarur n\u00ebnkupton gjithashtu heqjen dor\u00eb nga reagimet, mentorimi dhe nd\u00ebrveprimi i drejtp\u00ebrdrejt\u00eb i nj\u00eb mjedisi t\u00eb puntoris\u00eb s\u00eb drejtp\u00ebrdrejt\u00eb. Kjo \u00ebsht\u00eb arsyeja pse Proaktor p\u00ebrdor qasjen e t\u00eb m\u00ebsuarit t\u00eb p\u00ebrzier dhe merr m\u00eb t\u00eb mir\u00ebn nga t\u00eb dy bot\u00ebt.<\/p><p>P\u00ebrve\u00e7 qasjes n\u00eb kurse, p\u00ebrdoruesit premium mund t\u00eb planifikojn\u00eb konsultime t\u00eb drejtp\u00ebrdrejta me mentor\u00ebt tan\u00eb dhe t\u00eb marrin komente dhe k\u00ebshilla n\u00eb lidhje me kursin, si dhe me projektet e tyre reale.<\/p>\t\t\t\t\t\t<\/div>\n\t\t\t\t<\/div>\n\t\t\t\t\t<\/div>\n\t\t<\/div>\n\t\t\t\t\t<\/div>\n\t\t<\/section>\n\t\t\t\t\t<\/div>\n\t\t<\/div>\n\t\t\t\t\t<\/div>\n\t\t<\/section>\n\t\t\t\t<\/div>\n\t\t","protected":false},"excerpt":{"rendered":"Proaktor \u00ebsht\u00eb nj\u00eb platform\u00eb e e-m\u00ebsimit p\u00ebr sektorin jofitimprur\u00ebs n\u00eb Ballkanin Per\u00ebndimor e udh\u00ebhequr nga Catalyst Balkans. Ne besojm\u00eb se...","protected":false},"author":1,"featured_media":0,"parent":0,"menu_order":0,"comment_status":"closed","ping_status":"closed","template":"elementor_header_footer","meta":{"_acf_changed":false,"footnotes":""},"class_list":["post-6325","page","type-page","status-publish","hentry"],"acf":[],"_links":{"self":[{"href":"https:\/\/proaktor.org\/sq\/wp-json\/wp\/v2\/pages\/6325","targetHints":{"allow":["GET"]}}],"collection":[{"href":"https:\/\/proaktor.org\/sq\/wp-json\/wp\/v2\/pages"}],"about":[{"href":"https:\/\/proaktor.org\/sq\/wp-json\/wp\/v2\/types\/page"}],"author":[{"embeddable":true,"href":"https:\/\/proaktor.org\/sq\/wp-json\/wp\/v2\/users\/1"}],"replies":[{"embeddable":true,"href":"https:\/\/proaktor.org\/sq\/wp-json\/wp\/v2\/comments?post=6325"}],"version-history":[{"count":22,"href":"https:\/\/proaktor.org\/sq\/wp-json\/wp\/v2\/pages\/6325\/revisions"}],"predecessor-version":[{"id":7005,"href":"https:\/\/proaktor.org\/sq\/wp-json\/wp\/v2\/pages\/6325\/revisions\/7005"}],"wp:attachment":[{"href":"https:\/\/proaktor.org\/sq\/wp-json\/wp\/v2\/media?parent=6325"}],"curies":[{"name":"wp","href":"https:\/\/api.w.org\/{rel}","templated":true}]}}